{"id":3284,"date":"2025-01-14T10:37:21","date_gmt":"2025-01-14T09:37:21","guid":{"rendered":"https:\/\/mambablades.co\/?post_type=product&#038;p=3284"},"modified":"2025-10-20T10:08:32","modified_gmt":"2025-10-20T08:08:32","slug":"mamba-classic-all","status":"publish","type":"product","link":"https:\/\/mambablades.co\/es\/producto\/mamba-classic-all\/","title":{"rendered":"Madera de tenis de mesa Mamba Classic ALL+"},"content":{"rendered":"<h3><strong>Mamba Classic ALL+<\/strong><\/h3>\n<p>Descubre la Mamba Classic ALL+, la elecci\u00f3n perfecta para jugadores que buscan el equilibrio ideal entre control y versatilidad. Este modelo de madera de tenis de mesa (ALL+) ha sido dise\u00f1ado para ofrecer una experiencia de juego precisa, fluida y adaptable, ideal tanto para estrategias defensivas como para ataques din\u00e1micos.<\/p>\n<p>Con una construcci\u00f3n de 5 capas, incluido un n\u00facleo de Balsa Prestige cuidadosamente seleccionado, la Mamba Classic ALL+ combina ligereza y estabilidad, proporcionando un excelente control sin comprometer la capacidad de generar efectos excepcionales. Su espesor de 7,2 mm es \u00f3ptimo para jugadores que desean un balance entre potencia y precisi\u00f3n, permitiendo ejecutar golpes efectivos con gran facilidad.<\/p>\n<p>El mango ergon\u00f3mico FL (flared) de madera natural ha sido dise\u00f1ado para ofrecer una comodidad superior durante largas sesiones de juego. Fabricado con materiales duraderos y sostenibles, la Mamba Classic ALL+ refleja un compromiso con la calidad artesanal y el respeto por el medio ambiente. Cada pieza cuenta con acabados impecables, tratados con productos naturales y grabados l\u00e1ser para garantizar una apariencia \u00fanica y profesional. Adem\u00e1s, la ausencia de pinturas, solventes y pl\u00e1sticos subraya el enfoque ecol\u00f3gico de Mamba Blades.<\/p>\n<p>La Mamba Classic ALL+ es el resultado de una cuidadosa elaboraci\u00f3n, combinando innovaci\u00f3n y un enfoque consciente hacia la sostenibilidad. Con un embalaje 100% reciclable, este producto no solo eleva tu rendimiento en la mesa, sino que tambi\u00e9n contribuye a un futuro m\u00e1s verde.<\/p>\n<p>Elige la Mamba Classic ALL+ y experimenta un juego donde precisi\u00f3n, control y sostenibilidad se encuentran en perfecta armon\u00eda. \u00danete a una comunidad de jugadores comprometidos con la excelencia y la responsabilidad ambiental.<\/p>\n<hr \/>\n<div id=\"jtGLikyxyQiVNcypnScS6-user-message\" tabindex=\"0\" role=\"article\" data-tabster=\"{&quot;groupper&quot;:{&quot;tabbability&quot;:2},&quot;focusable&quot;:{}}\" aria-labelledby=\"jtGLikyxyQiVNcypnScS6-user-message\">\n<h3 class=\"flex w-full flex-col items-end\" data-content=\"user-message\"><strong>Caracter\u00edsticas Principales<\/strong><\/h3>\n<\/div>\n<div tabindex=\"0\" role=\"article\" data-tabster=\"{&quot;groupper&quot;:{&quot;tabbability&quot;:2},&quot;focusable&quot;:{}}\" data-content=\"ai-message\" aria-labelledby=\"U3xpPm8wEqdJTofGL38Zg-author U3xpPm8wEqdJTofGL38Zg-content\">\n<div id=\"U3xpPm8wEqdJTofGL38Zg-content\" class=\"space-y-3 break-words\">\n<ul>\n<li><strong>Velocidad<\/strong>: De moderada a r\u00e1pida<\/li>\n<li><strong>Frecuencia al impacto<\/strong>: 1 550 Hz<\/li>\n<li><strong>Control<\/strong>: Muy elevado<\/li>\n<li><strong>Sensibilidad de la madera<\/strong>: Excelente<\/li>\n<li><strong>Composici\u00f3n<\/strong>: Balsa \/ Ayous \/ Koto<\/li>\n<li><strong>Capas<\/strong>: 5<\/li>\n<li><strong>Dureza<\/strong>: Moderada<\/li>\n<li><strong>Mango<\/strong>: FL ergon\u00f3mico exclusividad Mamba Blades<\/li>\n<li><strong>Madera del mango<\/strong>: Darknut \/ Abedul \/ Caoba<\/li>\n<li><strong>Acabado natural<\/strong>: Aceite de almendra dulce, sin solventes<\/li>\n<li><strong>Tipo de juego<\/strong>: ALL (Madera Allround \/ Polivalente)<\/li>\n<li><strong>Acabados de la madera<\/strong>: Muy cuidados<\/li>\n<li><strong>Compromiso ecol\u00f3gico<\/strong>\n<ul>\n<li>Maderas certificadas<\/li>\n<li>Sin solventes ni pegamento superfluo<\/li>\n<li>Inscripciones l\u00e1ser<\/li>\n<li>Embalaje reciclable sin pl\u00e1sticos<\/li>\n<\/ul>\n<\/li>\n<\/ul>\n<hr \/>\n<h3><strong>\u00bfPor qu\u00e9 elegir la Mamba Classic ALL+?<\/strong><\/h3>\n<ul>\n<li><strong>Equilibrio perfecto entre control y versatilidad<\/strong>: Esta madera (ALL+) est\u00e1 dise\u00f1ada para ofrecer una experiencia de juego fluida, con una capacidad excepcional para generar efectos y ejecutar golpes precisos con facilidad.<\/li>\n<li><strong>Construcci\u00f3n ligera y reactiva<\/strong>: Con sus 5 capas y su n\u00facleo de ayous cuidadosamente seleccionado, el Mamba Classic ALL+ combina ligereza y reactividad, ofreciendo una potencia perfectamente adaptada a todos los estilos de juego.<\/li>\n<li><strong>Mango ergon\u00f3mico de madera natural<\/strong>: El mango FL (flared) garantiza un agarre c\u00f3modo e intuitivo, ideal para largas sesiones de juego y un control \u00f3ptimo.<\/li>\n<li><strong>Fabricaci\u00f3n ecol\u00f3gica y cuidada<\/strong>: Sin pinturas ni solventes, con un acabado en cera natural y un embalaje reciclable, esta madera es una opci\u00f3n respetuosa con el medio ambiente y la sostenibilidad.<\/li>\n<li><strong>Dise\u00f1o franc\u00e9s de alta calidad<\/strong>: Un ensamblaje meticuloso y una fabricaci\u00f3n local garantizan un producto eficiente, duradero y comprometido con el apoyo a la econom\u00eda local.<\/li>\n<\/ul>\n<hr \/>\n<h3><strong>Especificaciones T\u00e9cnicas<\/strong><\/h3>\n<ul>\n<li><strong>Tipo de madera<\/strong>: ALL<\/li>\n<li><strong>Tipo de fabricaci\u00f3n<\/strong>: Artesanal<\/li>\n<li><strong>Dimensiones<\/strong>: 150mm X 260mm X 7,2mm<\/li>\n<li><strong>Equilibrio<\/strong>: Central<\/li>\n<li><strong>Peso<\/strong>: 70 g<\/li>\n<\/ul>\n<\/div>\n<\/div>\n","protected":false},"excerpt":{"rendered":"<p>Descubre la Mamba Classic ALL+, la raqueta ideal para un juego equilibrado entre control, precisi\u00f3n y efectos. Con sus 5 capas de ayous y koto, su peso ligero de 70 g y su mango ergon\u00f3mico de madera natural, ofrece una excelente reactividad y un confort \u00f3ptimo. Fabricada en Francia sin pinturas ni solventes, combina rendimiento y respeto por el medio ambiente.<\/p>\n","protected":false},"featured_media":3287,"template":"","meta":[],"product_brand":[],"product_cat":[100],"product_tag":[],"class_list":{"0":"post-3284","1":"product","2":"type-product","3":"status-publish","4":"has-post-thumbnail","6":"product_cat-maderas-de-tenis-de-mesa","8":"first","9":"instock","10":"shipping-taxable","11":"purchasable","12":"product-type-simple"},"yoast_head":"<!-- This site is optimized with the Yoast SEO plugin v27.2 - https:\/\/yoast.com\/product\/yoast-seo-wordpress\/ -->\n<title>Madera de Tenis de Mesa Mamba Classic ALL | Control Absoluto<\/title>\n<meta name=\"description\" content=\"Descubre la madera de tenis de mesa Mamba Classic ALL, la raqueta polivalente por excelencia. Permite desarrollar un excelenete control y alta velocidad.\" \/>\n<meta name=\"robots\" content=\"index, follow, max-snippet:-1, max-image-preview:large, max-video-preview:-1\" \/>\n<link rel=\"canonical\" href=\"https:\/\/mambablades.co\/es\/producto\/mamba-classic-all\/\" \/>\n<meta property=\"og:locale\" content=\"es_ES\" \/>\n<meta property=\"og:type\" content=\"article\" \/>\n<meta property=\"og:title\" content=\"Madera de Tenis de Mesa Mamba Classic ALL | Control Absoluto\" \/>\n<meta property=\"og:description\" content=\"Descubre la madera de tenis de mesa Mamba Classic ALL, la raqueta polivalente por excelencia. Permite desarrollar un excelenete control y alta velocidad.\" \/>\n<meta property=\"og:url\" content=\"https:\/\/mambablades.co\/es\/producto\/mamba-classic-all\/\" \/>\n<meta property=\"og:site_name\" content=\"Mamba Blades\" \/>\n<meta property=\"article:modified_time\" content=\"2025-10-20T08:08:32+00:00\" \/>\n<meta property=\"og:image\" content=\"https:\/\/mambablades.co\/MB\/wp-content\/uploads\/2025\/01\/Mamba-Classic-ALL-01.png\" \/>\n\t<meta property=\"og:image:width\" content=\"1125\" \/>\n\t<meta property=\"og:image:height\" content=\"1500\" \/>\n\t<meta property=\"og:image:type\" content=\"image\/png\" \/>\n<meta name=\"twitter:card\" content=\"summary_large_image\" \/>\n<meta name=\"twitter:label1\" content=\"Tiempo de lectura\" \/>\n\t<meta name=\"twitter:data1\" content=\"3 minutos\" \/>\n<script type=\"application\/ld+json\" class=\"yoast-schema-graph\">{\"@context\":\"https:\/\/schema.org\",\"@graph\":[{\"@type\":\"WebPage\",\"@id\":\"https:\/\/mambablades.co\/es\/producto\/mamba-classic-all\/\",\"url\":\"https:\/\/mambablades.co\/es\/producto\/mamba-classic-all\/\",\"name\":\"Madera de Tenis de Mesa Mamba Classic ALL | Control Absoluto\",\"isPartOf\":{\"@id\":\"https:\/\/mambablades.co\/es\/#website\"},\"primaryImageOfPage\":{\"@id\":\"https:\/\/mambablades.co\/es\/producto\/mamba-classic-all\/#primaryimage\"},\"image\":{\"@id\":\"https:\/\/mambablades.co\/es\/producto\/mamba-classic-all\/#primaryimage\"},\"thumbnailUrl\":\"https:\/\/mambablades.co\/MB\/wp-content\/uploads\/2025\/01\/Mamba-Classic-ALL-01.png\",\"datePublished\":\"2025-01-14T09:37:21+00:00\",\"dateModified\":\"2025-10-20T08:08:32+00:00\",\"description\":\"Descubre la madera de tenis de mesa Mamba Classic ALL, la raqueta polivalente por excelencia. Permite desarrollar un excelenete control y alta velocidad.\",\"breadcrumb\":{\"@id\":\"https:\/\/mambablades.co\/es\/producto\/mamba-classic-all\/#breadcrumb\"},\"inLanguage\":\"es\",\"potentialAction\":[{\"@type\":\"ReadAction\",\"target\":[\"https:\/\/mambablades.co\/es\/producto\/mamba-classic-all\/\"]}]},{\"@type\":\"ImageObject\",\"inLanguage\":\"es\",\"@id\":\"https:\/\/mambablades.co\/es\/producto\/mamba-classic-all\/#primaryimage\",\"url\":\"https:\/\/mambablades.co\/MB\/wp-content\/uploads\/2025\/01\/Mamba-Classic-ALL-01.png\",\"contentUrl\":\"https:\/\/mambablades.co\/MB\/wp-content\/uploads\/2025\/01\/Mamba-Classic-ALL-01.png\",\"width\":1125,\"height\":1500,\"caption\":\"Bois de tennis de table Mamba Classic ALL+\"},{\"@type\":\"BreadcrumbList\",\"@id\":\"https:\/\/mambablades.co\/es\/producto\/mamba-classic-all\/#breadcrumb\",\"itemListElement\":[{\"@type\":\"ListItem\",\"position\":1,\"name\":\"Accueil\",\"item\":\"https:\/\/mambablades.co\/es\/\"},{\"@type\":\"ListItem\",\"position\":2,\"name\":\"Shop\",\"item\":\"https:\/\/mambablades.co\/boutique\/\"},{\"@type\":\"ListItem\",\"position\":3,\"name\":\"Madera de tenis de mesa Mamba Classic ALL+\"}]},{\"@type\":\"WebSite\",\"@id\":\"https:\/\/mambablades.co\/es\/#website\",\"url\":\"https:\/\/mambablades.co\/es\/\",\"name\":\"Mamba Blades\",\"description\":\"Bois de Tennis de Table\",\"publisher\":{\"@id\":\"https:\/\/mambablades.co\/es\/#organization\"},\"potentialAction\":[{\"@type\":\"SearchAction\",\"target\":{\"@type\":\"EntryPoint\",\"urlTemplate\":\"https:\/\/mambablades.co\/es\/?s={search_term_string}\"},\"query-input\":{\"@type\":\"PropertyValueSpecification\",\"valueRequired\":true,\"valueName\":\"search_term_string\"}}],\"inLanguage\":\"es\"},{\"@type\":\"Organization\",\"@id\":\"https:\/\/mambablades.co\/es\/#organization\",\"name\":\"Mamba Blades\",\"url\":\"https:\/\/mambablades.co\/es\/\",\"logo\":{\"@type\":\"ImageObject\",\"inLanguage\":\"es\",\"@id\":\"https:\/\/mambablades.co\/es\/#\/schema\/logo\/image\/\",\"url\":\"https:\/\/mambablades.co\/MB\/wp-content\/uploads\/2024\/11\/Logo-Etsy.jpg\",\"contentUrl\":\"https:\/\/mambablades.co\/MB\/wp-content\/uploads\/2024\/11\/Logo-Etsy.jpg\",\"width\":200,\"height\":200,\"caption\":\"Mamba Blades\"},\"image\":{\"@id\":\"https:\/\/mambablades.co\/es\/#\/schema\/logo\/image\/\"}}]}<\/script>\n<!-- \/ Yoast SEO plugin. -->","yoast_head_json":{"title":"Madera de Tenis de Mesa Mamba Classic ALL | Control Absoluto","description":"Descubre la madera de tenis de mesa Mamba Classic ALL, la raqueta polivalente por excelencia. Permite desarrollar un excelenete control y alta velocidad.","robots":{"index":"index","follow":"follow","max-snippet":"max-snippet:-1","max-image-preview":"max-image-preview:large","max-video-preview":"max-video-preview:-1"},"canonical":"https:\/\/mambablades.co\/es\/producto\/mamba-classic-all\/","og_locale":"es_ES","og_type":"article","og_title":"Madera de Tenis de Mesa Mamba Classic ALL | Control Absoluto","og_description":"Descubre la madera de tenis de mesa Mamba Classic ALL, la raqueta polivalente por excelencia. Permite desarrollar un excelenete control y alta velocidad.","og_url":"https:\/\/mambablades.co\/es\/producto\/mamba-classic-all\/","og_site_name":"Mamba Blades","article_modified_time":"2025-10-20T08:08:32+00:00","og_image":[{"width":1125,"height":1500,"url":"https:\/\/mambablades.co\/MB\/wp-content\/uploads\/2025\/01\/Mamba-Classic-ALL-01.png","type":"image\/png"}],"twitter_card":"summary_large_image","twitter_misc":{"Tiempo de lectura":"3 minutos"},"schema":{"@context":"https:\/\/schema.org","@graph":[{"@type":"WebPage","@id":"https:\/\/mambablades.co\/es\/producto\/mamba-classic-all\/","url":"https:\/\/mambablades.co\/es\/producto\/mamba-classic-all\/","name":"Madera de Tenis de Mesa Mamba Classic ALL | Control Absoluto","isPartOf":{"@id":"https:\/\/mambablades.co\/es\/#website"},"primaryImageOfPage":{"@id":"https:\/\/mambablades.co\/es\/producto\/mamba-classic-all\/#primaryimage"},"image":{"@id":"https:\/\/mambablades.co\/es\/producto\/mamba-classic-all\/#primaryimage"},"thumbnailUrl":"https:\/\/mambablades.co\/MB\/wp-content\/uploads\/2025\/01\/Mamba-Classic-ALL-01.png","datePublished":"2025-01-14T09:37:21+00:00","dateModified":"2025-10-20T08:08:32+00:00","description":"Descubre la madera de tenis de mesa Mamba Classic ALL, la raqueta polivalente por excelencia. Permite desarrollar un excelenete control y alta velocidad.","breadcrumb":{"@id":"https:\/\/mambablades.co\/es\/producto\/mamba-classic-all\/#breadcrumb"},"inLanguage":"es","potentialAction":[{"@type":"ReadAction","target":["https:\/\/mambablades.co\/es\/producto\/mamba-classic-all\/"]}]},{"@type":"ImageObject","inLanguage":"es","@id":"https:\/\/mambablades.co\/es\/producto\/mamba-classic-all\/#primaryimage","url":"https:\/\/mambablades.co\/MB\/wp-content\/uploads\/2025\/01\/Mamba-Classic-ALL-01.png","contentUrl":"https:\/\/mambablades.co\/MB\/wp-content\/uploads\/2025\/01\/Mamba-Classic-ALL-01.png","width":1125,"height":1500,"caption":"Bois de tennis de table Mamba Classic ALL+"},{"@type":"BreadcrumbList","@id":"https:\/\/mambablades.co\/es\/producto\/mamba-classic-all\/#breadcrumb","itemListElement":[{"@type":"ListItem","position":1,"name":"Accueil","item":"https:\/\/mambablades.co\/es\/"},{"@type":"ListItem","position":2,"name":"Shop","item":"https:\/\/mambablades.co\/boutique\/"},{"@type":"ListItem","position":3,"name":"Madera de tenis de mesa Mamba Classic ALL+"}]},{"@type":"WebSite","@id":"https:\/\/mambablades.co\/es\/#website","url":"https:\/\/mambablades.co\/es\/","name":"Mamba Blades","description":"Bois de Tennis de Table","publisher":{"@id":"https:\/\/mambablades.co\/es\/#organization"},"potentialAction":[{"@type":"SearchAction","target":{"@type":"EntryPoint","urlTemplate":"https:\/\/mambablades.co\/es\/?s={search_term_string}"},"query-input":{"@type":"PropertyValueSpecification","valueRequired":true,"valueName":"search_term_string"}}],"inLanguage":"es"},{"@type":"Organization","@id":"https:\/\/mambablades.co\/es\/#organization","name":"Mamba Blades","url":"https:\/\/mambablades.co\/es\/","logo":{"@type":"ImageObject","inLanguage":"es","@id":"https:\/\/mambablades.co\/es\/#\/schema\/logo\/image\/","url":"https:\/\/mambablades.co\/MB\/wp-content\/uploads\/2024\/11\/Logo-Etsy.jpg","contentUrl":"https:\/\/mambablades.co\/MB\/wp-content\/uploads\/2024\/11\/Logo-Etsy.jpg","width":200,"height":200,"caption":"Mamba Blades"},"image":{"@id":"https:\/\/mambablades.co\/es\/#\/schema\/logo\/image\/"}}]}},"_links":{"self":[{"href":"https:\/\/mambablades.co\/es\/wp-json\/wp\/v2\/product\/3284","targetHints":{"allow":["GET"]}}],"collection":[{"href":"https:\/\/mambablades.co\/es\/wp-json\/wp\/v2\/product"}],"about":[{"href":"https:\/\/mambablades.co\/es\/wp-json\/wp\/v2\/types\/product"}],"wp:featuredmedia":[{"embeddable":true,"href":"https:\/\/mambablades.co\/es\/wp-json\/wp\/v2\/media\/3287"}],"wp:attachment":[{"href":"https:\/\/mambablades.co\/es\/wp-json\/wp\/v2\/media?parent=3284"}],"wp:term":[{"taxonomy":"product_brand","embeddable":true,"href":"https:\/\/mambablades.co\/es\/wp-json\/wp\/v2\/product_brand?post=3284"},{"taxonomy":"product_cat","embeddable":true,"href":"https:\/\/mambablades.co\/es\/wp-json\/wp\/v2\/product_cat?post=3284"},{"taxonomy":"product_tag","embeddable":true,"href":"https:\/\/mambablades.co\/es\/wp-json\/wp\/v2\/product_tag?post=3284"}],"curies":[{"name":"wp","href":"https:\/\/api.w.org\/{rel}","templated":true}]}}