{"id":1163,"date":"2024-11-12T10:50:02","date_gmt":"2024-11-12T09:50:02","guid":{"rendered":"https:\/\/mambablades.co\/MB\/produit\/pro-500\/"},"modified":"2024-12-03T18:26:37","modified_gmt":"2024-12-03T17:26:37","slug":"pro-500","status":"publish","type":"product","link":"https:\/\/mambablades.co\/es\/producto\/pro-500\/","title":{"rendered":"PRO500"},"content":{"rendered":"<h3><strong>Mamba Performance PRO500<\/strong><\/h3>\n<p>Descubre la Mamba <strong>PRO500<\/strong> de Mamba Blades, la elecci\u00f3n ideal para defensores y principiantes que buscan control y eficacia. Con un peso ligero de 70 g y una construcci\u00f3n de 5 capas de balsa y koto, esta madera defensiva permite un contacto prolongado con la pelota, facilitando as\u00ed la generaci\u00f3n de efectos considerables y ofreciendo la posibilidad de ataques efectivos.<\/p>\n<p>Dise\u00f1ada para optimizar tu juego, la Mamba <strong>PRO500<\/strong> se destaca por su mango ergon\u00f3mico de weng\u00e9, cuidadosamente desarrollado para garantizar un agarre perfecto. Cada detalle, desde la fabricaci\u00f3n hasta el acabado, se realiza en nuestro taller en Auvernia, Francia, lo que refleja nuestro compromiso con la artesan\u00eda de alta calidad.<\/p>\n<p>Nos enorgullecemos de adoptar pr\u00e1cticas ecol\u00f3gicas: no se utiliza pintura ni solventes gracias a las inscripciones realizadas con l\u00e1ser, y nuestro pegamento tiene un impacto ambiental limitado. Adem\u00e1s, eliminamos el pl\u00e1stico y optamos por un embalaje de cart\u00f3n reciclado. Al elegir la Mamba <strong>PRO500<\/strong>, no solo apoyas un producto de alto rendimiento, sino tambi\u00e9n un enfoque responsable para nuestro planeta. Prueba la <strong>PRO500<\/strong> y siente la diferencia que puede aportar una madera artesanal de calidad, dise\u00f1ada con cuidado y pasi\u00f3n.<\/p>\n<hr \/>\n<h3><strong>Caracter\u00edsticas Principales.<\/strong><\/h3>\n<ul>\n<li><strong>Velocidad<\/strong> : Lenta<\/li>\n<li><strong>Frecuancia al impaco<\/strong> : 1 100 Hz<\/li>\n<li><strong>Control<\/strong> : Muy elevado<\/li>\n<li><strong>Sensibilidad de la madera<\/strong> : Excelente<\/li>\n<li><strong>Composici\u00f3n<\/strong>: Balsa \/ Koto<\/li>\n<li><strong>Capas<\/strong> : 5<\/li>\n<li><strong>Dureza <\/strong>: Baja<\/li>\n<li><strong>Mango <\/strong>: FL ergon\u00f3mico exclusividad de Mamba Blades<\/li>\n<li><strong>Madera del mango<\/strong> : Wenge<\/li>\n<li><strong>Acabado natural<\/strong> : Huile d\u2019amande douce, sans solvants.<\/li>\n<li><strong>Estilo de juego <\/strong>: DEF (Madera defensiva).<\/li>\n<li><strong>Acabados de la madera<\/strong> : Muy finos<\/li>\n<li><strong>Compromiso ecol\u00f3gico :<\/strong>\n<ul>\n<li>Maderas certificadas.<\/li>\n<li>Sin solventes ni pegamento superfluo.<\/li>\n<li>Inscripciones l\u00e1ser<\/li>\n<li>Embalaje reciclable sin pl\u00e1sticos.<\/li>\n<\/ul>\n<\/li>\n<\/ul>\n<hr \/>\n<h3><strong>\u00bf Por qu\u00e9 elegir la Mamba PRO500 ?<\/strong><\/h3>\n<ul>\n<li><strong>Control y efectos \u00f3ptimos<\/strong>: Gracias a su construcci\u00f3n en 5 capas de balsa y koto, esta madera ofrece un contacto prolongado con la pelota para generar efectos notables y un excelente control.<\/li>\n<li><strong>Adaptado para defensores y principiantes<\/strong>: Ideal para perfeccionar tu juego defensivo mientras permite ataques efectivos.<\/li>\n<li><strong>Ligereza y ergonom\u00eda<\/strong>: Con solo 70 g, su mango ergon\u00f3mico de weng\u00e9 garantiza un agarre c\u00f3modo y natural.<\/li>\n<li><strong>Fabricaci\u00f3n artesanal francesa<\/strong>: Fabricado con cuidado en Auvernia, cada detalle refleja un saber hacer de alta calidad.<\/li>\n<li><strong>Compromiso ecol\u00f3gico<\/strong>: Sin solventes ni pintura, inscripciones l\u00e1ser, pegamento de bajo impacto ambiental y embalaje de cart\u00f3n reciclado para una elecci\u00f3n responsable.<\/li>\n<\/ul>\n<hr \/>\n<h3><strong>Especificaciones T\u00e9cnicas.<\/strong><\/h3>\n<ul>\n<li><strong>Tipo de madera<\/strong>: DEF.<\/li>\n<li><strong>Tipo de fabricaci\u00f3n<\/strong>: Artesanal.<\/li>\n<li><strong>Medidas <\/strong>: 150mm X 260mm X 6,2mm<\/li>\n<li><strong>Equilibrio<\/strong> : Central<\/li>\n<li><strong>Peso<\/strong> : 70 g.<\/li>\n<\/ul>\n","protected":false},"excerpt":{"rendered":"<p>Descubre el modelo Mamba <strong>PRO500<\/strong> de Mamba Blades, una excepcional madera defensiva que combina control, efecto y precisi\u00f3n. Con su construcci\u00f3n de 5 capas de balsa y koto, esta madera ligera (70 g) ofrece un contacto prolongado con la pelota, lo que la hace ideal para defensores o principiantes. Su mango ergon\u00f3mico de wengu\u00e9 garantiza un agarre c\u00f3modo, mientras que el acabado con aceite de almendra dulce respeta el medio ambiente. Elige la Mamba <strong>PRO500<\/strong> y experimenta la alegr\u00eda de jugar con un equipo de alta calidad, hecho a mano en Francia.<\/p>\n","protected":false},"featured_media":280,"template":"","meta":[],"product_brand":[],"product_cat":[100,104],"product_tag":[],"class_list":{"0":"post-1163","1":"product","2":"type-product","3":"status-publish","4":"has-post-thumbnail","6":"product_cat-maderas-de-tenis-de-mesa","7":"product_cat-performance-pro-es","9":"first","10":"instock","11":"shipping-taxable","12":"purchasable","13":"product-type-simple"},"yoast_head":"<!-- This site is optimized with the Yoast SEO plugin v27.2 - https:\/\/yoast.com\/product\/yoast-seo-wordpress\/ -->\n<title>Mamba PRO500 | Madera de Tenis de Mesa Artesanal<\/title>\n<meta name=\"description\" content=\"Descubre la Mamba PRO500, una madera de tenis de mesa defensiva ligera (70 g) ideal para defensores y principiantes. Dise\u00f1ada en Francia.\" \/>\n<meta name=\"robots\" content=\"index, follow, max-snippet:-1, max-image-preview:large, max-video-preview:-1\" \/>\n<link rel=\"canonical\" href=\"https:\/\/mambablades.co\/es\/producto\/pro-500\/\" \/>\n<meta property=\"og:locale\" content=\"es_ES\" \/>\n<meta property=\"og:type\" content=\"article\" \/>\n<meta property=\"og:title\" content=\"Mamba PRO500 | Madera de Tenis de Mesa Artesanal\" \/>\n<meta property=\"og:description\" content=\"Descubre la Mamba PRO500, una madera de tenis de mesa defensiva ligera (70 g) ideal para defensores y principiantes. Dise\u00f1ada en Francia.\" \/>\n<meta property=\"og:url\" content=\"https:\/\/mambablades.co\/es\/producto\/pro-500\/\" \/>\n<meta property=\"og:site_name\" content=\"Mamba Blades\" \/>\n<meta property=\"article:modified_time\" content=\"2024-12-03T17:26:37+00:00\" \/>\n<meta property=\"og:image\" content=\"https:\/\/mambablades.co\/MB\/wp-content\/uploads\/2024\/11\/Bois-de-tennis-de-table-Mamba-PRO-500-X01.jpg\" \/>\n\t<meta property=\"og:image:width\" content=\"1125\" \/>\n\t<meta property=\"og:image:height\" content=\"1500\" \/>\n\t<meta property=\"og:image:type\" content=\"image\/jpeg\" \/>\n<meta name=\"twitter:card\" content=\"summary_large_image\" \/>\n<meta name=\"twitter:label1\" content=\"Tiempo de lectura\" \/>\n\t<meta name=\"twitter:data1\" content=\"3 minutos\" \/>\n<script type=\"application\/ld+json\" class=\"yoast-schema-graph\">{\"@context\":\"https:\/\/schema.org\",\"@graph\":[{\"@type\":\"WebPage\",\"@id\":\"https:\/\/mambablades.co\/es\/producto\/pro-500\/\",\"url\":\"https:\/\/mambablades.co\/es\/producto\/pro-500\/\",\"name\":\"Mamba PRO500 | Madera de Tenis de Mesa Artesanal\",\"isPartOf\":{\"@id\":\"https:\/\/mambablades.co\/es\/#website\"},\"primaryImageOfPage\":{\"@id\":\"https:\/\/mambablades.co\/es\/producto\/pro-500\/#primaryimage\"},\"image\":{\"@id\":\"https:\/\/mambablades.co\/es\/producto\/pro-500\/#primaryimage\"},\"thumbnailUrl\":\"https:\/\/mambablades.co\/MB\/wp-content\/uploads\/2024\/11\/Bois-de-tennis-de-table-Mamba-PRO-500-X01.jpg\",\"datePublished\":\"2024-11-12T09:50:02+00:00\",\"dateModified\":\"2024-12-03T17:26:37+00:00\",\"description\":\"Descubre la Mamba PRO500, una madera de tenis de mesa defensiva ligera (70 g) ideal para defensores y principiantes. Dise\u00f1ada en Francia.\",\"breadcrumb\":{\"@id\":\"https:\/\/mambablades.co\/es\/producto\/pro-500\/#breadcrumb\"},\"inLanguage\":\"es\",\"potentialAction\":[{\"@type\":\"ReadAction\",\"target\":[\"https:\/\/mambablades.co\/es\/producto\/pro-500\/\"]}]},{\"@type\":\"ImageObject\",\"inLanguage\":\"es\",\"@id\":\"https:\/\/mambablades.co\/es\/producto\/pro-500\/#primaryimage\",\"url\":\"https:\/\/mambablades.co\/MB\/wp-content\/uploads\/2024\/11\/Bois-de-tennis-de-table-Mamba-PRO-500-X01.jpg\",\"contentUrl\":\"https:\/\/mambablades.co\/MB\/wp-content\/uploads\/2024\/11\/Bois-de-tennis-de-table-Mamba-PRO-500-X01.jpg\",\"width\":1125,\"height\":1500,\"caption\":\"Madera de tenis de mesa profesional DEF \/ ALL Mamba Blades PRO500\"},{\"@type\":\"BreadcrumbList\",\"@id\":\"https:\/\/mambablades.co\/es\/producto\/pro-500\/#breadcrumb\",\"itemListElement\":[{\"@type\":\"ListItem\",\"position\":1,\"name\":\"Accueil\",\"item\":\"https:\/\/mambablades.co\/es\/\"},{\"@type\":\"ListItem\",\"position\":2,\"name\":\"Shop\",\"item\":\"https:\/\/mambablades.co\/boutique\/\"},{\"@type\":\"ListItem\",\"position\":3,\"name\":\"PRO500\"}]},{\"@type\":\"WebSite\",\"@id\":\"https:\/\/mambablades.co\/es\/#website\",\"url\":\"https:\/\/mambablades.co\/es\/\",\"name\":\"Mamba Blades\",\"description\":\"Bois de Tennis de Table\",\"publisher\":{\"@id\":\"https:\/\/mambablades.co\/es\/#organization\"},\"potentialAction\":[{\"@type\":\"SearchAction\",\"target\":{\"@type\":\"EntryPoint\",\"urlTemplate\":\"https:\/\/mambablades.co\/es\/?s={search_term_string}\"},\"query-input\":{\"@type\":\"PropertyValueSpecification\",\"valueRequired\":true,\"valueName\":\"search_term_string\"}}],\"inLanguage\":\"es\"},{\"@type\":\"Organization\",\"@id\":\"https:\/\/mambablades.co\/es\/#organization\",\"name\":\"Mamba Blades\",\"url\":\"https:\/\/mambablades.co\/es\/\",\"logo\":{\"@type\":\"ImageObject\",\"inLanguage\":\"es\",\"@id\":\"https:\/\/mambablades.co\/es\/#\/schema\/logo\/image\/\",\"url\":\"https:\/\/mambablades.co\/MB\/wp-content\/uploads\/2024\/11\/Logo-Etsy.jpg\",\"contentUrl\":\"https:\/\/mambablades.co\/MB\/wp-content\/uploads\/2024\/11\/Logo-Etsy.jpg\",\"width\":200,\"height\":200,\"caption\":\"Mamba Blades\"},\"image\":{\"@id\":\"https:\/\/mambablades.co\/es\/#\/schema\/logo\/image\/\"}}]}<\/script>\n<!-- \/ Yoast SEO plugin. -->","yoast_head_json":{"title":"Mamba PRO500 | Madera de Tenis de Mesa Artesanal","description":"Descubre la Mamba PRO500, una madera de tenis de mesa defensiva ligera (70 g) ideal para defensores y principiantes. Dise\u00f1ada en Francia.","robots":{"index":"index","follow":"follow","max-snippet":"max-snippet:-1","max-image-preview":"max-image-preview:large","max-video-preview":"max-video-preview:-1"},"canonical":"https:\/\/mambablades.co\/es\/producto\/pro-500\/","og_locale":"es_ES","og_type":"article","og_title":"Mamba PRO500 | Madera de Tenis de Mesa Artesanal","og_description":"Descubre la Mamba PRO500, una madera de tenis de mesa defensiva ligera (70 g) ideal para defensores y principiantes. Dise\u00f1ada en Francia.","og_url":"https:\/\/mambablades.co\/es\/producto\/pro-500\/","og_site_name":"Mamba Blades","article_modified_time":"2024-12-03T17:26:37+00:00","og_image":[{"width":1125,"height":1500,"url":"https:\/\/mambablades.co\/MB\/wp-content\/uploads\/2024\/11\/Bois-de-tennis-de-table-Mamba-PRO-500-X01.jpg","type":"image\/jpeg"}],"twitter_card":"summary_large_image","twitter_misc":{"Tiempo de lectura":"3 minutos"},"schema":{"@context":"https:\/\/schema.org","@graph":[{"@type":"WebPage","@id":"https:\/\/mambablades.co\/es\/producto\/pro-500\/","url":"https:\/\/mambablades.co\/es\/producto\/pro-500\/","name":"Mamba PRO500 | Madera de Tenis de Mesa Artesanal","isPartOf":{"@id":"https:\/\/mambablades.co\/es\/#website"},"primaryImageOfPage":{"@id":"https:\/\/mambablades.co\/es\/producto\/pro-500\/#primaryimage"},"image":{"@id":"https:\/\/mambablades.co\/es\/producto\/pro-500\/#primaryimage"},"thumbnailUrl":"https:\/\/mambablades.co\/MB\/wp-content\/uploads\/2024\/11\/Bois-de-tennis-de-table-Mamba-PRO-500-X01.jpg","datePublished":"2024-11-12T09:50:02+00:00","dateModified":"2024-12-03T17:26:37+00:00","description":"Descubre la Mamba PRO500, una madera de tenis de mesa defensiva ligera (70 g) ideal para defensores y principiantes. Dise\u00f1ada en Francia.","breadcrumb":{"@id":"https:\/\/mambablades.co\/es\/producto\/pro-500\/#breadcrumb"},"inLanguage":"es","potentialAction":[{"@type":"ReadAction","target":["https:\/\/mambablades.co\/es\/producto\/pro-500\/"]}]},{"@type":"ImageObject","inLanguage":"es","@id":"https:\/\/mambablades.co\/es\/producto\/pro-500\/#primaryimage","url":"https:\/\/mambablades.co\/MB\/wp-content\/uploads\/2024\/11\/Bois-de-tennis-de-table-Mamba-PRO-500-X01.jpg","contentUrl":"https:\/\/mambablades.co\/MB\/wp-content\/uploads\/2024\/11\/Bois-de-tennis-de-table-Mamba-PRO-500-X01.jpg","width":1125,"height":1500,"caption":"Madera de tenis de mesa profesional DEF \/ ALL Mamba Blades PRO500"},{"@type":"BreadcrumbList","@id":"https:\/\/mambablades.co\/es\/producto\/pro-500\/#breadcrumb","itemListElement":[{"@type":"ListItem","position":1,"name":"Accueil","item":"https:\/\/mambablades.co\/es\/"},{"@type":"ListItem","position":2,"name":"Shop","item":"https:\/\/mambablades.co\/boutique\/"},{"@type":"ListItem","position":3,"name":"PRO500"}]},{"@type":"WebSite","@id":"https:\/\/mambablades.co\/es\/#website","url":"https:\/\/mambablades.co\/es\/","name":"Mamba Blades","description":"Bois de Tennis de Table","publisher":{"@id":"https:\/\/mambablades.co\/es\/#organization"},"potentialAction":[{"@type":"SearchAction","target":{"@type":"EntryPoint","urlTemplate":"https:\/\/mambablades.co\/es\/?s={search_term_string}"},"query-input":{"@type":"PropertyValueSpecification","valueRequired":true,"valueName":"search_term_string"}}],"inLanguage":"es"},{"@type":"Organization","@id":"https:\/\/mambablades.co\/es\/#organization","name":"Mamba Blades","url":"https:\/\/mambablades.co\/es\/","logo":{"@type":"ImageObject","inLanguage":"es","@id":"https:\/\/mambablades.co\/es\/#\/schema\/logo\/image\/","url":"https:\/\/mambablades.co\/MB\/wp-content\/uploads\/2024\/11\/Logo-Etsy.jpg","contentUrl":"https:\/\/mambablades.co\/MB\/wp-content\/uploads\/2024\/11\/Logo-Etsy.jpg","width":200,"height":200,"caption":"Mamba Blades"},"image":{"@id":"https:\/\/mambablades.co\/es\/#\/schema\/logo\/image\/"}}]}},"_links":{"self":[{"href":"https:\/\/mambablades.co\/es\/wp-json\/wp\/v2\/product\/1163","targetHints":{"allow":["GET"]}}],"collection":[{"href":"https:\/\/mambablades.co\/es\/wp-json\/wp\/v2\/product"}],"about":[{"href":"https:\/\/mambablades.co\/es\/wp-json\/wp\/v2\/types\/product"}],"wp:featuredmedia":[{"embeddable":true,"href":"https:\/\/mambablades.co\/es\/wp-json\/wp\/v2\/media\/280"}],"wp:attachment":[{"href":"https:\/\/mambablades.co\/es\/wp-json\/wp\/v2\/media?parent=1163"}],"wp:term":[{"taxonomy":"product_brand","embeddable":true,"href":"https:\/\/mambablades.co\/es\/wp-json\/wp\/v2\/product_brand?post=1163"},{"taxonomy":"product_cat","embeddable":true,"href":"https:\/\/mambablades.co\/es\/wp-json\/wp\/v2\/product_cat?post=1163"},{"taxonomy":"product_tag","embeddable":true,"href":"https:\/\/mambablades.co\/es\/wp-json\/wp\/v2\/product_tag?post=1163"}],"curies":[{"name":"wp","href":"https:\/\/api.w.org\/{rel}","templated":true}]}}