{"id":1152,"date":"2024-11-12T12:25:10","date_gmt":"2024-11-12T11:25:10","guid":{"rendered":"https:\/\/mambablades.co\/MB\/produit\/pro-740\/"},"modified":"2024-12-03T19:11:59","modified_gmt":"2024-12-03T18:11:59","slug":"pro-740","status":"publish","type":"product","link":"https:\/\/mambablades.co\/es\/producto\/pro-740\/","title":{"rendered":"PRO740"},"content":{"rendered":"<h3><strong>Mamba Performance PRO740<\/strong><\/h3>\n<p>Descubra el modelo <strong>Mamba PRO74<\/strong>0 de Mamba Blades, dise\u00f1ado para jugadores que buscan el equilibrio perfecto entre velocidad, control y sensaciones de juego. Con un peso ligero de 85 g, esta madera OFF- est\u00e1 fabricada con una innovadora construcci\u00f3n de 5 capas de balsa, reforzada con 2 capas de lino y koto, ofreciendo as\u00ed una respuesta reactiva y una ampliaci\u00f3n significativa de la zona de impacto (sweet spot). Gracias a su refuerzo de fibra de lino, disfrutar\u00e1 de una mayor velocidad, manteniendo un excelente control para efectos sorprendentes.<\/p>\n<p>El mango ergon\u00f3mico en nogal franc\u00e9s, con su exclusivo dise\u00f1o \u201cflared\u201d, garantiza un agarre c\u00f3modo e intuitivo, permitiendo jugar durante largas horas sin fatiga. Su acabado con aceite de almendra aporta un toque refinado y natural a su experiencia de juego.<\/p>\n<p>Pero la Mamba PRO740 no solo se destaca en rendimiento. Tambi\u00e9n forma parte de una iniciativa ecol\u00f3gica responsable: sin pintura ni disolventes, con un embalaje de cart\u00f3n reciclado, Mamba Blades se compromete a reducir su impacto ambiental. Las inscripciones l\u00e1ser en la madera son otro reflejo de este compromiso con un producto respetuoso con el planeta.<\/p>\n<p>Al elegir el modelo <strong>Mamba PRO740<\/strong>, opta por una madera de tenis de mesa de calidad artesanal que le permitir\u00e1 alcanzar nuevos niveles en su juego. Tanto si es un jugador intermedio como avanzado, esta madera le ayudar\u00e1 a disfrutar plenamente de la velocidad, manteniendo el control necesario para colocar sus golpes con precisi\u00f3n. Elija la PRO740 y exprese su pasi\u00f3n por el tenis de mesa mientras apoya una producci\u00f3n local y sostenible.<\/p>\n<hr \/>\n<h3><strong>Caracter\u00edsticas Principales<\/strong><\/h3>\n<ul>\n<li><strong>Velocidad<\/strong>: Elevada<\/li>\n<li><strong>Frecuencia al impacto<\/strong>: 1 500 Hz<\/li>\n<li><strong>Control<\/strong>: Muy elevado<\/li>\n<li><strong>Sensibilidad de la madera<\/strong>: Excelente<\/li>\n<li><strong>Composici\u00f3n<\/strong>: Balsa \/ Fibra de lino \/ Ayous \/ Koto<\/li>\n<li><strong>Capas<\/strong>: 5 + 2<\/li>\n<li><strong>Dureza<\/strong>: Elevada<\/li>\n<li><strong>Mango<\/strong>: FL ergon\u00f3mico exclusividad Mamba Blades<\/li>\n<li><strong>Madera del mango<\/strong>: Nogal franc\u00e9s<\/li>\n<li><strong>Acabado natural<\/strong>: Aceite de almendra dulce, sin solventes<\/li>\n<li><strong>Tipo de juego<\/strong>: OFF- (Madera ofensiva)<\/li>\n<li><strong>Acabados de la madera<\/strong>: Muy cuidados<\/li>\n<li><strong>Compromiso ecol\u00f3gico<\/strong>\n<ul>\n<li>Maderas certificadas<\/li>\n<li>Nogal franc\u00e9s<\/li>\n<li>Tecnolog\u00eda BIOCOMPOSITE<\/li>\n<li>Sin solventes ni pegamento superfluo<\/li>\n<li>Inscripciones l\u00e1ser<\/li>\n<li>Embalaje reciclable sin pl\u00e1sticos<\/li>\n<\/ul>\n<\/li>\n<\/ul>\n<hr \/>\n<h3><strong>\u00bf Por qu\u00e9 elegir la Mamba PRO740 ?<\/strong><\/h3>\n<ul>\n<li><strong>Velocidad y control perfectos<\/strong>: Madera Off- que ofrece una respuesta reactiva y una gran zona de golpeo (Sweet Spot) para golpes potentes y precisos<\/li>\n<li><strong>Refuerzo en fibra de lino<\/strong>: Aumenta la velocidad mientras garantiza un control \u00f3ptimo para efectos impresionantes<\/li>\n<li><strong>Mango ergon\u00f3mico de nogal franc\u00e9s<\/strong>: Agarre c\u00f3modo e intuitivo, ideal para largas sesiones de juego<\/li>\n<li><strong>Compromiso ecol\u00f3gico<\/strong>: Tecnolog\u00eda BIOCOMPOSITE sin pintura ni solventes, con inscripciones l\u00e1ser y embalaje reciclable<\/li>\n<li><strong>Fabricaci\u00f3n artesanal de calidad<\/strong>: Dise\u00f1ado en Francia, combinando rendimiento, durabilidad y producci\u00f3n local responsable<\/li>\n<\/ul>\n<hr \/>\n<h3><strong>Especificaciones T\u00e9cnicas<\/strong><\/h3>\n<ul>\n<li><strong>Tipo de madera<\/strong>: OFF-<\/li>\n<li><strong>Tipo de fabricaci\u00f3n<\/strong>: Artesanal<\/li>\n<li><strong>Dimensiones<\/strong>: 150mm X 260mm X 7mm<\/li>\n<li><strong>Equilibrio<\/strong>: Central<\/li>\n<li><strong>Peso<\/strong>: 85 g.<\/li>\n<\/ul>\n","protected":false},"excerpt":{"rendered":"<p>Pruebe el modelo Mamba PRO740 de Mamba Blades, una madera OFF- perfecta para jugadores que buscan velocidad y control. Con sus 85 g y su construcci\u00f3n de 5+2 capas de balsa y koto, reforzada con fibra de lino, ofrece una excelente reactividad y un Sweet Spot ampliado. Su mango en nogal franc\u00e9s, ergon\u00f3mico y de dise\u00f1o \u201cflared\u201d, garantiza un agarre \u00f3ptimo. Fabricada sin pintura ni disolventes, esta pala combina rendimiento y respeto por el medio ambiente. \u00a1 Pruebe la PRO740 y disfrute de la velocidad mientras domina efectos variados !<\/p>\n","protected":false},"featured_media":357,"template":"","meta":[],"product_brand":[],"product_cat":[100,104],"product_tag":[],"class_list":{"0":"post-1152","1":"product","2":"type-product","3":"status-publish","4":"has-post-thumbnail","6":"product_cat-maderas-de-tenis-de-mesa","7":"product_cat-performance-pro-es","9":"first","10":"instock","11":"shipping-taxable","12":"purchasable","13":"product-type-simple"},"yoast_head":"<!-- This site is optimized with the Yoast SEO plugin v27.2 - https:\/\/yoast.com\/product\/yoast-seo-wordpress\/ -->\n<title>Madera de Tenis de Mesa Mamba PRO740 | 5+2 BioComposite<\/title>\n<meta name=\"description\" content=\"Descubre la madera de tenis de mesa Mamba PRO740, dise\u00f1ada para jugadores ofensivos que buscan velocidad y control perfectos.\" \/>\n<meta name=\"robots\" content=\"index, follow, max-snippet:-1, max-image-preview:large, max-video-preview:-1\" \/>\n<link rel=\"canonical\" href=\"https:\/\/mambablades.co\/es\/producto\/pro-740\/\" \/>\n<meta property=\"og:locale\" content=\"es_ES\" \/>\n<meta property=\"og:type\" content=\"article\" \/>\n<meta property=\"og:title\" content=\"Madera de Tenis de Mesa Mamba PRO740 | 5+2 BioComposite\" \/>\n<meta property=\"og:description\" content=\"Descubre la madera de tenis de mesa Mamba PRO740, dise\u00f1ada para jugadores ofensivos que buscan velocidad y control perfectos.\" \/>\n<meta property=\"og:url\" content=\"https:\/\/mambablades.co\/es\/producto\/pro-740\/\" \/>\n<meta property=\"og:site_name\" content=\"Mamba Blades\" \/>\n<meta property=\"article:modified_time\" content=\"2024-12-03T18:11:59+00:00\" \/>\n<meta property=\"og:image\" content=\"https:\/\/mambablades.co\/MB\/wp-content\/uploads\/2024\/11\/Bois-de-tennis-de-table-Mamba-PRO-740-05.jpg\" \/>\n\t<meta property=\"og:image:width\" content=\"1125\" \/>\n\t<meta property=\"og:image:height\" content=\"1500\" \/>\n\t<meta property=\"og:image:type\" content=\"image\/jpeg\" \/>\n<meta name=\"twitter:card\" content=\"summary_large_image\" \/>\n<meta name=\"twitter:label1\" content=\"Tiempo de lectura\" \/>\n\t<meta name=\"twitter:data1\" content=\"3 minutos\" \/>\n<script type=\"application\/ld+json\" class=\"yoast-schema-graph\">{\"@context\":\"https:\/\/schema.org\",\"@graph\":[{\"@type\":\"WebPage\",\"@id\":\"https:\/\/mambablades.co\/es\/producto\/pro-740\/\",\"url\":\"https:\/\/mambablades.co\/es\/producto\/pro-740\/\",\"name\":\"Madera de Tenis de Mesa Mamba PRO740 | 5+2 BioComposite\",\"isPartOf\":{\"@id\":\"https:\/\/mambablades.co\/es\/#website\"},\"primaryImageOfPage\":{\"@id\":\"https:\/\/mambablades.co\/es\/producto\/pro-740\/#primaryimage\"},\"image\":{\"@id\":\"https:\/\/mambablades.co\/es\/producto\/pro-740\/#primaryimage\"},\"thumbnailUrl\":\"https:\/\/mambablades.co\/MB\/wp-content\/uploads\/2024\/11\/Bois-de-tennis-de-table-Mamba-PRO-740-05.jpg\",\"datePublished\":\"2024-11-12T11:25:10+00:00\",\"dateModified\":\"2024-12-03T18:11:59+00:00\",\"description\":\"Descubre la madera de tenis de mesa Mamba PRO740, dise\u00f1ada para jugadores ofensivos que buscan velocidad y control perfectos.\",\"breadcrumb\":{\"@id\":\"https:\/\/mambablades.co\/es\/producto\/pro-740\/#breadcrumb\"},\"inLanguage\":\"es\",\"potentialAction\":[{\"@type\":\"ReadAction\",\"target\":[\"https:\/\/mambablades.co\/es\/producto\/pro-740\/\"]}]},{\"@type\":\"ImageObject\",\"inLanguage\":\"es\",\"@id\":\"https:\/\/mambablades.co\/es\/producto\/pro-740\/#primaryimage\",\"url\":\"https:\/\/mambablades.co\/MB\/wp-content\/uploads\/2024\/11\/Bois-de-tennis-de-table-Mamba-PRO-740-05.jpg\",\"contentUrl\":\"https:\/\/mambablades.co\/MB\/wp-content\/uploads\/2024\/11\/Bois-de-tennis-de-table-Mamba-PRO-740-05.jpg\",\"width\":1125,\"height\":1500,\"caption\":\"Madera profesional de tenis de mesa OFF Mamba Blades PRO 740\"},{\"@type\":\"BreadcrumbList\",\"@id\":\"https:\/\/mambablades.co\/es\/producto\/pro-740\/#breadcrumb\",\"itemListElement\":[{\"@type\":\"ListItem\",\"position\":1,\"name\":\"Accueil\",\"item\":\"https:\/\/mambablades.co\/es\/\"},{\"@type\":\"ListItem\",\"position\":2,\"name\":\"Shop\",\"item\":\"https:\/\/mambablades.co\/boutique\/\"},{\"@type\":\"ListItem\",\"position\":3,\"name\":\"PRO740\"}]},{\"@type\":\"WebSite\",\"@id\":\"https:\/\/mambablades.co\/es\/#website\",\"url\":\"https:\/\/mambablades.co\/es\/\",\"name\":\"Mamba Blades\",\"description\":\"Bois de Tennis de Table\",\"publisher\":{\"@id\":\"https:\/\/mambablades.co\/es\/#organization\"},\"potentialAction\":[{\"@type\":\"SearchAction\",\"target\":{\"@type\":\"EntryPoint\",\"urlTemplate\":\"https:\/\/mambablades.co\/es\/?s={search_term_string}\"},\"query-input\":{\"@type\":\"PropertyValueSpecification\",\"valueRequired\":true,\"valueName\":\"search_term_string\"}}],\"inLanguage\":\"es\"},{\"@type\":\"Organization\",\"@id\":\"https:\/\/mambablades.co\/es\/#organization\",\"name\":\"Mamba Blades\",\"url\":\"https:\/\/mambablades.co\/es\/\",\"logo\":{\"@type\":\"ImageObject\",\"inLanguage\":\"es\",\"@id\":\"https:\/\/mambablades.co\/es\/#\/schema\/logo\/image\/\",\"url\":\"https:\/\/mambablades.co\/MB\/wp-content\/uploads\/2024\/11\/Logo-Etsy.jpg\",\"contentUrl\":\"https:\/\/mambablades.co\/MB\/wp-content\/uploads\/2024\/11\/Logo-Etsy.jpg\",\"width\":200,\"height\":200,\"caption\":\"Mamba Blades\"},\"image\":{\"@id\":\"https:\/\/mambablades.co\/es\/#\/schema\/logo\/image\/\"}}]}<\/script>\n<!-- \/ Yoast SEO plugin. -->","yoast_head_json":{"title":"Madera de Tenis de Mesa Mamba PRO740 | 5+2 BioComposite","description":"Descubre la madera de tenis de mesa Mamba PRO740, dise\u00f1ada para jugadores ofensivos que buscan velocidad y control perfectos.","robots":{"index":"index","follow":"follow","max-snippet":"max-snippet:-1","max-image-preview":"max-image-preview:large","max-video-preview":"max-video-preview:-1"},"canonical":"https:\/\/mambablades.co\/es\/producto\/pro-740\/","og_locale":"es_ES","og_type":"article","og_title":"Madera de Tenis de Mesa Mamba PRO740 | 5+2 BioComposite","og_description":"Descubre la madera de tenis de mesa Mamba PRO740, dise\u00f1ada para jugadores ofensivos que buscan velocidad y control perfectos.","og_url":"https:\/\/mambablades.co\/es\/producto\/pro-740\/","og_site_name":"Mamba Blades","article_modified_time":"2024-12-03T18:11:59+00:00","og_image":[{"width":1125,"height":1500,"url":"https:\/\/mambablades.co\/MB\/wp-content\/uploads\/2024\/11\/Bois-de-tennis-de-table-Mamba-PRO-740-05.jpg","type":"image\/jpeg"}],"twitter_card":"summary_large_image","twitter_misc":{"Tiempo de lectura":"3 minutos"},"schema":{"@context":"https:\/\/schema.org","@graph":[{"@type":"WebPage","@id":"https:\/\/mambablades.co\/es\/producto\/pro-740\/","url":"https:\/\/mambablades.co\/es\/producto\/pro-740\/","name":"Madera de Tenis de Mesa Mamba PRO740 | 5+2 BioComposite","isPartOf":{"@id":"https:\/\/mambablades.co\/es\/#website"},"primaryImageOfPage":{"@id":"https:\/\/mambablades.co\/es\/producto\/pro-740\/#primaryimage"},"image":{"@id":"https:\/\/mambablades.co\/es\/producto\/pro-740\/#primaryimage"},"thumbnailUrl":"https:\/\/mambablades.co\/MB\/wp-content\/uploads\/2024\/11\/Bois-de-tennis-de-table-Mamba-PRO-740-05.jpg","datePublished":"2024-11-12T11:25:10+00:00","dateModified":"2024-12-03T18:11:59+00:00","description":"Descubre la madera de tenis de mesa Mamba PRO740, dise\u00f1ada para jugadores ofensivos que buscan velocidad y control perfectos.","breadcrumb":{"@id":"https:\/\/mambablades.co\/es\/producto\/pro-740\/#breadcrumb"},"inLanguage":"es","potentialAction":[{"@type":"ReadAction","target":["https:\/\/mambablades.co\/es\/producto\/pro-740\/"]}]},{"@type":"ImageObject","inLanguage":"es","@id":"https:\/\/mambablades.co\/es\/producto\/pro-740\/#primaryimage","url":"https:\/\/mambablades.co\/MB\/wp-content\/uploads\/2024\/11\/Bois-de-tennis-de-table-Mamba-PRO-740-05.jpg","contentUrl":"https:\/\/mambablades.co\/MB\/wp-content\/uploads\/2024\/11\/Bois-de-tennis-de-table-Mamba-PRO-740-05.jpg","width":1125,"height":1500,"caption":"Madera profesional de tenis de mesa OFF Mamba Blades PRO 740"},{"@type":"BreadcrumbList","@id":"https:\/\/mambablades.co\/es\/producto\/pro-740\/#breadcrumb","itemListElement":[{"@type":"ListItem","position":1,"name":"Accueil","item":"https:\/\/mambablades.co\/es\/"},{"@type":"ListItem","position":2,"name":"Shop","item":"https:\/\/mambablades.co\/boutique\/"},{"@type":"ListItem","position":3,"name":"PRO740"}]},{"@type":"WebSite","@id":"https:\/\/mambablades.co\/es\/#website","url":"https:\/\/mambablades.co\/es\/","name":"Mamba Blades","description":"Bois de Tennis de Table","publisher":{"@id":"https:\/\/mambablades.co\/es\/#organization"},"potentialAction":[{"@type":"SearchAction","target":{"@type":"EntryPoint","urlTemplate":"https:\/\/mambablades.co\/es\/?s={search_term_string}"},"query-input":{"@type":"PropertyValueSpecification","valueRequired":true,"valueName":"search_term_string"}}],"inLanguage":"es"},{"@type":"Organization","@id":"https:\/\/mambablades.co\/es\/#organization","name":"Mamba Blades","url":"https:\/\/mambablades.co\/es\/","logo":{"@type":"ImageObject","inLanguage":"es","@id":"https:\/\/mambablades.co\/es\/#\/schema\/logo\/image\/","url":"https:\/\/mambablades.co\/MB\/wp-content\/uploads\/2024\/11\/Logo-Etsy.jpg","contentUrl":"https:\/\/mambablades.co\/MB\/wp-content\/uploads\/2024\/11\/Logo-Etsy.jpg","width":200,"height":200,"caption":"Mamba Blades"},"image":{"@id":"https:\/\/mambablades.co\/es\/#\/schema\/logo\/image\/"}}]}},"_links":{"self":[{"href":"https:\/\/mambablades.co\/es\/wp-json\/wp\/v2\/product\/1152","targetHints":{"allow":["GET"]}}],"collection":[{"href":"https:\/\/mambablades.co\/es\/wp-json\/wp\/v2\/product"}],"about":[{"href":"https:\/\/mambablades.co\/es\/wp-json\/wp\/v2\/types\/product"}],"wp:featuredmedia":[{"embeddable":true,"href":"https:\/\/mambablades.co\/es\/wp-json\/wp\/v2\/media\/357"}],"wp:attachment":[{"href":"https:\/\/mambablades.co\/es\/wp-json\/wp\/v2\/media?parent=1152"}],"wp:term":[{"taxonomy":"product_brand","embeddable":true,"href":"https:\/\/mambablades.co\/es\/wp-json\/wp\/v2\/product_brand?post=1152"},{"taxonomy":"product_cat","embeddable":true,"href":"https:\/\/mambablades.co\/es\/wp-json\/wp\/v2\/product_cat?post=1152"},{"taxonomy":"product_tag","embeddable":true,"href":"https:\/\/mambablades.co\/es\/wp-json\/wp\/v2\/product_tag?post=1152"}],"curies":[{"name":"wp","href":"https:\/\/api.w.org\/{rel}","templated":true}]}}