{"id":1150,"date":"2024-11-12T15:01:50","date_gmt":"2024-11-12T14:01:50","guid":{"rendered":"https:\/\/mambablades.co\/MB\/produit\/paradox-pro-750\/"},"modified":"2024-12-03T19:34:43","modified_gmt":"2024-12-03T18:34:43","slug":"paradox-pro-750","status":"publish","type":"product","link":"https:\/\/mambablades.co\/es\/producto\/paradox-pro-750\/","title":{"rendered":"Paradox PRO750"},"content":{"rendered":"<h3><strong>Mamba Performance PARADOX PRO750<\/strong><\/h3>\n<p>Descubra la <strong>Mamba<\/strong> <strong>Paradox Pro750<\/strong> de Mamba Blades, una madera de tennis de mesa de alto rendimiento dise\u00f1ada para jugadores ofensivos que buscan un equilibrio perfecto entre velocidad explosiva y control. Con solo 85 g, la Mamba Paradox PRO750 combina la ligereza del balsa, la rapidez de la fibra de lino francesa y el dinamismo de la madera de koto. Adem\u00e1s de ser una alternativa natural y local, el lino es ecol\u00f3gico en comparaci\u00f3n con el carbono o el Kevlar y ofrece una potencia incre\u00edble. Su n\u00facleo grueso de balsa garantiza excelentes efectos y control preciso para un juego letal.<\/p>\n<p>Este modelo est\u00e1 dise\u00f1ado para jugadores exigentes que buscan ataques r\u00e1pidos y potentes. El mango exclusivo de roble franc\u00e9s, adornado con un elegante detalle en arce, ofrece una sujeci\u00f3n estable y refinada. Su acabado en aceite de almendra brinda una sensaci\u00f3n natural e inigualable.<\/p>\n<p>Fabricada en Francia, la <strong>Mamba Paradox PRO750<\/strong> refleja el compromiso ecol\u00f3gico de Mamba Blades. Utilizando maderas sostenibles, grabados l\u00e1ser y embalaje de cart\u00f3n reciclado, sin pinturas ni pl\u00e1sticos, es mucho m\u00e1s que una pala: es una elecci\u00f3n ecol\u00f3gica y una invitaci\u00f3n a mejorar tu rendimiento de juego.<\/p>\n<hr \/>\n<h3><strong>Caracter\u00edsticas Principales<\/strong><\/h3>\n<ul>\n<li><strong>Velocidad<\/strong>: Elevada<\/li>\n<li><strong>Frecuencia al impacto<\/strong>: 1 650 Hz<\/li>\n<li><strong>Control<\/strong>: Moderado<\/li>\n<li><strong>Sensibilidad de la madera<\/strong>: Excelente<\/li>\n<li><strong>Composici\u00f3n<\/strong>: Balsa \/ Fibra de lino \/ Koto<\/li>\n<li><strong>Capas<\/strong>: 5 + 2<\/li>\n<li><strong>Dureza<\/strong>: Elevada<\/li>\n<li><strong>Mango<\/strong>: FL ergon\u00f3mico exclusividad Mamba Blades<\/li>\n<li><strong>Madera del mango<\/strong>: Roble franc\u00e9s<\/li>\n<li><strong>Acabado natural<\/strong>: Aceite de almendra dulce, sin solventes<\/li>\n<li><strong>Tipo de juego<\/strong>: OFF+ (Madera ofensiva)<\/li>\n<li><strong>Acabados de la madera<\/strong>: Muy cuidados<\/li>\n<li><strong>Compromiso ecol\u00f3gico<\/strong>\n<ul>\n<li>Maderas certificadas<\/li>\n<li>Roble franc\u00e9s<\/li>\n<li>Tecnolog\u00eda BIOCOMPOSITE<\/li>\n<li>Sin solventes ni pegamento superfluo<\/li>\n<li>Inscripciones l\u00e1ser<\/li>\n<li>Embalaje reciclable sin pl\u00e1sticos<\/li>\n<\/ul>\n<\/li>\n<\/ul>\n<hr \/>\n<h3><strong>\u00bf Por qu\u00e9 elegir el Mamba Paradox PRO750 ?<\/strong><\/h3>\n<ul>\n<li><strong>Potencia y control excepcionales<\/strong>: Madera Off que ofrece un ataque explosivo con una toma de efectos y un control preciso<\/li>\n<li><strong>Materiales ecol\u00f3gicos<\/strong>: Refuerzo en lino franc\u00e9s, alternativa natural y local al carbono, para un rendimiento respetuoso con el medio ambiente<\/li>\n<li><strong>Mango de roble franc\u00e9s<\/strong>: Agarre estable y elegante, con un dise\u00f1o refinado y un acabado en aceite de almendra dulce<\/li>\n<li><strong>Fabricaci\u00f3n ecol\u00f3gica<\/strong>: BIOCOMPOSITE sin pintura ni pl\u00e1stico, con inscripciones l\u00e1ser y embalaje reciclable<\/li>\n<li><strong>Calidad artesanal francesa<\/strong>: Dise\u00f1ado y fabricado en Francia, combinando saber hacer local y compromiso sostenible<\/li>\n<\/ul>\n<hr \/>\n<h3><strong>Especificaciones T\u00e9cnicas<\/strong><\/h3>\n<ul>\n<li><strong>Tipo de madera<\/strong>: OFF+<\/li>\n<li><strong>Tipo de fabricaci\u00f3n<\/strong>: Artesanal<\/li>\n<li><strong>Dimensiones<\/strong>: 150mm X 260mm X 8.8mm<\/li>\n<li><strong>Equilibrio<\/strong>: Central<\/li>\n<li><strong>Peso<\/strong>: 85 g.<\/li>\n<\/ul>\n","protected":false},"excerpt":{"rendered":"<p>La Paradox PRO750 de Mamba Blades combina velocidad explosiva y control preciso en una pala ecol\u00f3gica de 85 g. Con su n\u00facleo de balsa y refuerzo de lino franc\u00e9s, ofrece el equilibrio ideal para ataques potentes. Su mango exclusivo de roble y arce asegura un agarre c\u00f3modo y estable. Fabricada sin pinturas ni pl\u00e1sticos y con materiales sostenibles, es sin\u00f3nimo de excelencia t\u00e9cnica y ecol\u00f3gica. \u00a1 Prueba la Paradox PRO750 para una experiencia de juego incomparable !<\/p>\n","protected":false},"featured_media":373,"template":"","meta":[],"product_brand":[],"product_cat":[100,104],"product_tag":[],"class_list":{"0":"post-1150","1":"product","2":"type-product","3":"status-publish","4":"has-post-thumbnail","6":"product_cat-maderas-de-tenis-de-mesa","7":"product_cat-performance-pro-es","9":"first","10":"instock","11":"shipping-taxable","12":"purchasable","13":"product-type-simple"},"yoast_head":"<!-- This site is optimized with the Yoast SEO plugin v27.2 - https:\/\/yoast.com\/product\/yoast-seo-wordpress\/ -->\n<title>Madera de Tenis de Mesa Mamba Paradox PRO750 | Green Speed<\/title>\n<meta name=\"description\" content=\"Descubre la madera de tenis de mesa Mamba Paradox PRO750, dise\u00f1ada para jugadores ofensivos que buscan potencia y control excepcionales.\" \/>\n<meta name=\"robots\" content=\"index, follow, max-snippet:-1, max-image-preview:large, max-video-preview:-1\" \/>\n<link rel=\"canonical\" href=\"https:\/\/mambablades.co\/es\/producto\/paradox-pro-750\/\" \/>\n<meta property=\"og:locale\" content=\"es_ES\" \/>\n<meta property=\"og:type\" content=\"article\" \/>\n<meta property=\"og:title\" content=\"Madera de Tenis de Mesa Mamba Paradox PRO750 | Green Speed\" \/>\n<meta property=\"og:description\" content=\"Descubre la madera de tenis de mesa Mamba Paradox PRO750, dise\u00f1ada para jugadores ofensivos que buscan potencia y control excepcionales.\" \/>\n<meta property=\"og:url\" content=\"https:\/\/mambablades.co\/es\/producto\/paradox-pro-750\/\" \/>\n<meta property=\"og:site_name\" content=\"Mamba Blades\" \/>\n<meta property=\"article:modified_time\" content=\"2024-12-03T18:34:43+00:00\" \/>\n<meta property=\"og:image\" content=\"https:\/\/mambablades.co\/MB\/wp-content\/uploads\/2024\/11\/Bois-de-tennis-de-table-Mamba-PRO-750-Paradox-01.jpg\" \/>\n\t<meta property=\"og:image:width\" content=\"1125\" \/>\n\t<meta property=\"og:image:height\" content=\"1500\" \/>\n\t<meta property=\"og:image:type\" content=\"image\/jpeg\" \/>\n<meta name=\"twitter:card\" content=\"summary_large_image\" \/>\n<meta name=\"twitter:label1\" content=\"Tiempo de lectura\" \/>\n\t<meta name=\"twitter:data1\" content=\"3 minutos\" \/>\n<script type=\"application\/ld+json\" class=\"yoast-schema-graph\">{\"@context\":\"https:\/\/schema.org\",\"@graph\":[{\"@type\":\"WebPage\",\"@id\":\"https:\/\/mambablades.co\/es\/producto\/paradox-pro-750\/\",\"url\":\"https:\/\/mambablades.co\/es\/producto\/paradox-pro-750\/\",\"name\":\"Madera de Tenis de Mesa Mamba Paradox PRO750 | Green Speed\",\"isPartOf\":{\"@id\":\"https:\/\/mambablades.co\/es\/#website\"},\"primaryImageOfPage\":{\"@id\":\"https:\/\/mambablades.co\/es\/producto\/paradox-pro-750\/#primaryimage\"},\"image\":{\"@id\":\"https:\/\/mambablades.co\/es\/producto\/paradox-pro-750\/#primaryimage\"},\"thumbnailUrl\":\"https:\/\/mambablades.co\/MB\/wp-content\/uploads\/2024\/11\/Bois-de-tennis-de-table-Mamba-PRO-750-Paradox-01.jpg\",\"datePublished\":\"2024-11-12T14:01:50+00:00\",\"dateModified\":\"2024-12-03T18:34:43+00:00\",\"description\":\"Descubre la madera de tenis de mesa Mamba Paradox PRO750, dise\u00f1ada para jugadores ofensivos que buscan potencia y control excepcionales.\",\"breadcrumb\":{\"@id\":\"https:\/\/mambablades.co\/es\/producto\/paradox-pro-750\/#breadcrumb\"},\"inLanguage\":\"es\",\"potentialAction\":[{\"@type\":\"ReadAction\",\"target\":[\"https:\/\/mambablades.co\/es\/producto\/paradox-pro-750\/\"]}]},{\"@type\":\"ImageObject\",\"inLanguage\":\"es\",\"@id\":\"https:\/\/mambablades.co\/es\/producto\/paradox-pro-750\/#primaryimage\",\"url\":\"https:\/\/mambablades.co\/MB\/wp-content\/uploads\/2024\/11\/Bois-de-tennis-de-table-Mamba-PRO-750-Paradox-01.jpg\",\"contentUrl\":\"https:\/\/mambablades.co\/MB\/wp-content\/uploads\/2024\/11\/Bois-de-tennis-de-table-Mamba-PRO-750-Paradox-01.jpg\",\"width\":1125,\"height\":1500,\"caption\":\"Madera de tenis de mesa profesionalOFF++ Mamba Blades PRO 750 PARADOX\"},{\"@type\":\"BreadcrumbList\",\"@id\":\"https:\/\/mambablades.co\/es\/producto\/paradox-pro-750\/#breadcrumb\",\"itemListElement\":[{\"@type\":\"ListItem\",\"position\":1,\"name\":\"Accueil\",\"item\":\"https:\/\/mambablades.co\/es\/\"},{\"@type\":\"ListItem\",\"position\":2,\"name\":\"Shop\",\"item\":\"https:\/\/mambablades.co\/boutique\/\"},{\"@type\":\"ListItem\",\"position\":3,\"name\":\"Paradox PRO750\"}]},{\"@type\":\"WebSite\",\"@id\":\"https:\/\/mambablades.co\/es\/#website\",\"url\":\"https:\/\/mambablades.co\/es\/\",\"name\":\"Mamba Blades\",\"description\":\"Bois de Tennis de Table\",\"publisher\":{\"@id\":\"https:\/\/mambablades.co\/es\/#organization\"},\"potentialAction\":[{\"@type\":\"SearchAction\",\"target\":{\"@type\":\"EntryPoint\",\"urlTemplate\":\"https:\/\/mambablades.co\/es\/?s={search_term_string}\"},\"query-input\":{\"@type\":\"PropertyValueSpecification\",\"valueRequired\":true,\"valueName\":\"search_term_string\"}}],\"inLanguage\":\"es\"},{\"@type\":\"Organization\",\"@id\":\"https:\/\/mambablades.co\/es\/#organization\",\"name\":\"Mamba Blades\",\"url\":\"https:\/\/mambablades.co\/es\/\",\"logo\":{\"@type\":\"ImageObject\",\"inLanguage\":\"es\",\"@id\":\"https:\/\/mambablades.co\/es\/#\/schema\/logo\/image\/\",\"url\":\"https:\/\/mambablades.co\/MB\/wp-content\/uploads\/2024\/11\/Logo-Etsy.jpg\",\"contentUrl\":\"https:\/\/mambablades.co\/MB\/wp-content\/uploads\/2024\/11\/Logo-Etsy.jpg\",\"width\":200,\"height\":200,\"caption\":\"Mamba Blades\"},\"image\":{\"@id\":\"https:\/\/mambablades.co\/es\/#\/schema\/logo\/image\/\"}}]}<\/script>\n<!-- \/ Yoast SEO plugin. -->","yoast_head_json":{"title":"Madera de Tenis de Mesa Mamba Paradox PRO750 | Green Speed","description":"Descubre la madera de tenis de mesa Mamba Paradox PRO750, dise\u00f1ada para jugadores ofensivos que buscan potencia y control excepcionales.","robots":{"index":"index","follow":"follow","max-snippet":"max-snippet:-1","max-image-preview":"max-image-preview:large","max-video-preview":"max-video-preview:-1"},"canonical":"https:\/\/mambablades.co\/es\/producto\/paradox-pro-750\/","og_locale":"es_ES","og_type":"article","og_title":"Madera de Tenis de Mesa Mamba Paradox PRO750 | Green Speed","og_description":"Descubre la madera de tenis de mesa Mamba Paradox PRO750, dise\u00f1ada para jugadores ofensivos que buscan potencia y control excepcionales.","og_url":"https:\/\/mambablades.co\/es\/producto\/paradox-pro-750\/","og_site_name":"Mamba Blades","article_modified_time":"2024-12-03T18:34:43+00:00","og_image":[{"width":1125,"height":1500,"url":"https:\/\/mambablades.co\/MB\/wp-content\/uploads\/2024\/11\/Bois-de-tennis-de-table-Mamba-PRO-750-Paradox-01.jpg","type":"image\/jpeg"}],"twitter_card":"summary_large_image","twitter_misc":{"Tiempo de lectura":"3 minutos"},"schema":{"@context":"https:\/\/schema.org","@graph":[{"@type":"WebPage","@id":"https:\/\/mambablades.co\/es\/producto\/paradox-pro-750\/","url":"https:\/\/mambablades.co\/es\/producto\/paradox-pro-750\/","name":"Madera de Tenis de Mesa Mamba Paradox PRO750 | Green Speed","isPartOf":{"@id":"https:\/\/mambablades.co\/es\/#website"},"primaryImageOfPage":{"@id":"https:\/\/mambablades.co\/es\/producto\/paradox-pro-750\/#primaryimage"},"image":{"@id":"https:\/\/mambablades.co\/es\/producto\/paradox-pro-750\/#primaryimage"},"thumbnailUrl":"https:\/\/mambablades.co\/MB\/wp-content\/uploads\/2024\/11\/Bois-de-tennis-de-table-Mamba-PRO-750-Paradox-01.jpg","datePublished":"2024-11-12T14:01:50+00:00","dateModified":"2024-12-03T18:34:43+00:00","description":"Descubre la madera de tenis de mesa Mamba Paradox PRO750, dise\u00f1ada para jugadores ofensivos que buscan potencia y control excepcionales.","breadcrumb":{"@id":"https:\/\/mambablades.co\/es\/producto\/paradox-pro-750\/#breadcrumb"},"inLanguage":"es","potentialAction":[{"@type":"ReadAction","target":["https:\/\/mambablades.co\/es\/producto\/paradox-pro-750\/"]}]},{"@type":"ImageObject","inLanguage":"es","@id":"https:\/\/mambablades.co\/es\/producto\/paradox-pro-750\/#primaryimage","url":"https:\/\/mambablades.co\/MB\/wp-content\/uploads\/2024\/11\/Bois-de-tennis-de-table-Mamba-PRO-750-Paradox-01.jpg","contentUrl":"https:\/\/mambablades.co\/MB\/wp-content\/uploads\/2024\/11\/Bois-de-tennis-de-table-Mamba-PRO-750-Paradox-01.jpg","width":1125,"height":1500,"caption":"Madera de tenis de mesa profesionalOFF++ Mamba Blades PRO 750 PARADOX"},{"@type":"BreadcrumbList","@id":"https:\/\/mambablades.co\/es\/producto\/paradox-pro-750\/#breadcrumb","itemListElement":[{"@type":"ListItem","position":1,"name":"Accueil","item":"https:\/\/mambablades.co\/es\/"},{"@type":"ListItem","position":2,"name":"Shop","item":"https:\/\/mambablades.co\/boutique\/"},{"@type":"ListItem","position":3,"name":"Paradox PRO750"}]},{"@type":"WebSite","@id":"https:\/\/mambablades.co\/es\/#website","url":"https:\/\/mambablades.co\/es\/","name":"Mamba Blades","description":"Bois de Tennis de Table","publisher":{"@id":"https:\/\/mambablades.co\/es\/#organization"},"potentialAction":[{"@type":"SearchAction","target":{"@type":"EntryPoint","urlTemplate":"https:\/\/mambablades.co\/es\/?s={search_term_string}"},"query-input":{"@type":"PropertyValueSpecification","valueRequired":true,"valueName":"search_term_string"}}],"inLanguage":"es"},{"@type":"Organization","@id":"https:\/\/mambablades.co\/es\/#organization","name":"Mamba Blades","url":"https:\/\/mambablades.co\/es\/","logo":{"@type":"ImageObject","inLanguage":"es","@id":"https:\/\/mambablades.co\/es\/#\/schema\/logo\/image\/","url":"https:\/\/mambablades.co\/MB\/wp-content\/uploads\/2024\/11\/Logo-Etsy.jpg","contentUrl":"https:\/\/mambablades.co\/MB\/wp-content\/uploads\/2024\/11\/Logo-Etsy.jpg","width":200,"height":200,"caption":"Mamba Blades"},"image":{"@id":"https:\/\/mambablades.co\/es\/#\/schema\/logo\/image\/"}}]}},"_links":{"self":[{"href":"https:\/\/mambablades.co\/es\/wp-json\/wp\/v2\/product\/1150","targetHints":{"allow":["GET"]}}],"collection":[{"href":"https:\/\/mambablades.co\/es\/wp-json\/wp\/v2\/product"}],"about":[{"href":"https:\/\/mambablades.co\/es\/wp-json\/wp\/v2\/types\/product"}],"wp:featuredmedia":[{"embeddable":true,"href":"https:\/\/mambablades.co\/es\/wp-json\/wp\/v2\/media\/373"}],"wp:attachment":[{"href":"https:\/\/mambablades.co\/es\/wp-json\/wp\/v2\/media?parent=1150"}],"wp:term":[{"taxonomy":"product_brand","embeddable":true,"href":"https:\/\/mambablades.co\/es\/wp-json\/wp\/v2\/product_brand?post=1150"},{"taxonomy":"product_cat","embeddable":true,"href":"https:\/\/mambablades.co\/es\/wp-json\/wp\/v2\/product_cat?post=1150"},{"taxonomy":"product_tag","embeddable":true,"href":"https:\/\/mambablades.co\/es\/wp-json\/wp\/v2\/product_tag?post=1150"}],"curies":[{"name":"wp","href":"https:\/\/api.w.org\/{rel}","templated":true}]}}